{"id":414,"date":"2018-05-23T09:19:38","date_gmt":"2018-05-23T08:19:38","guid":{"rendered":"http:\/\/jordanme.de\/?page_id=414"},"modified":"2023-01-09T12:14:59","modified_gmt":"2023-01-09T11:14:59","slug":"414-2","status":"publish","type":"page","link":"https:\/\/www.jordanme.de\/?page_id=414","title":{"rendered":"Data protection declaration"},"content":{"rendered":"<header class=\"header-colorset-bright\">\n<p>(Englich version below)<\/p>\n<\/header>\n<div class=\"bodytext-wrapper\">\n<div id=\"c8706\" class=\"csc ctype-text csc-space-before-standard csc-space-after-standard\">\n<div class=\"bodytext-wrapper\">\n<p>Verantwortliche Stelle im Sinne der Datenschutzgesetze, insbesondere der EU-Datenschutzgrundverordnung (DSGVO), ist:<\/p>\n<p>Amier Jordan<br>Im Toennesfeld 38<br>50859 K\u00f6ln<br>T: +49 172 25 30 919<br>m: connect(@)jordanme.de<br>w: www.jordanme.de<\/p>\n<p>Wir freuen uns, dass Sie diese Website besuchen. Datenschutz und Datensicherheit bei der Nutzung der Webseite sind f\u00fcr uns sehr wichtig. Wir m\u00f6chten Sie daher an dieser Stelle dar\u00fcber informieren, welche Ihrer nicht personenbezogenen Daten wir bei Ihrem Besuch auf unserer Website erfassen und f\u00fcr welche Zwecke diese genutzt werden.<\/p>\n<p>Da Gesetzes\u00e4nderungen oder \u00c4nderungen unserer unternehmensinternen Prozesse eine Anpassung dieser Datenschutzerkl\u00e4rung erforderlich machen k\u00f6nnen, bitten wir Sie, diese Datenschutzerkl\u00e4rung regelm\u00e4\u00dfig durchzulesen. Die Datenschutzerkl\u00e4rung kann jederzeit unter Datenschutzerkl\u00e4rung abgerufen, abgespeichert und ausgedruckt werden.<\/p>\n<h4>Ihre Betroffenenrechte<\/h4>\n<p>Unter den angegebenen Kontaktdaten k\u00f6nnen Sie jederzeit folgende Rechte aus\u00fcben:<\/p>\n<ul>\n<li>Auskunft \u00fcber Ihre bei uns gespeicherten Daten und deren Verarbeitung,<\/li>\n<li>Berichtigung unrichtiger personenbezogener Daten,<\/li>\n<li>L\u00f6schung Ihrer bei uns gespeicherten Daten,<\/li>\n<li>Einschr\u00e4nkung der Datenverarbeitung, sofern wir Ihre Daten aufgrund gesetzlicher Pflichten noch nicht l\u00f6schen d\u00fcrfen,<\/li>\n<li>Widerspruch gegen die Verarbeitung Ihrer Daten bei uns und<\/li>\n<li>Daten\u00fcbertragbarkeit, sofern Sie in die Datenverarbeitung eingewilligt haben oder einen Vertrag mit uns abgeschlossen haben.<\/li>\n<\/ul>\n<p>Sofern Sie uns eine Einwilligung erteilt haben, k\u00f6nnen Sie diese jederzeit mit Wirkung f\u00fcr die Zukunft widerrufen.<\/p>\n<p>Sie k\u00f6nnen sich jederzeit mit einer Beschwerde an die f\u00fcr Sie zust\u00e4ndige Aufsichtsbeh\u00f6rde wenden. Ihre zust\u00e4ndige Aufsichtsbeh\u00f6rde richtet sich nach dem Bundesland Ihres Wohnsitzes, Ihrer Arbeit oder der mutma\u00dflichen Verletzung. Eine Liste der Aufsichtsbeh\u00f6rden (f\u00fcr den nicht\u00f6ffentlichen Bereich) mit Anschrift finden Sie unter: <a href=\"https:\/\/www.bfdi.bund.de\/DE\/Infothek\/Anschriften_Links\/anschriften_links-node.html\" target=\"_blank\" rel=\"noopener noreferrer\">https:\/\/www.bfdi.bund.de\/DE\/Infothek\/Anschriften_Links\/anschriften_links-node.html<\/a>.<\/p>\n<\/div>\n<\/div>\n<div id=\"c8707\" class=\"csc ctype-text csc-space-before-standard csc-space-after-standard\">\n<header class=\" csc-header-default \">\n<h4>Erhebung und Verarbeitung von personenbezogenen Daten<\/h4>\n<\/header>\n<div class=\"bodytext-wrapper\">\n<p>Wir verpflichten uns, Ihre Privatsph\u00e4re zu sch\u00fctzen und Ihre nicht personenbezogenen Daten vertraulich zu behandeln. Personenbezogene Daten sind Informationen, die dazu genutzt werden k\u00f6nnen, pers\u00f6nliche oder sachliche Verh\u00e4ltnisse \u00fcber Sie zu erfahren (z.B. Name, Anschrift, Telefonnummer, Geburtsdatum oder E-Mail-Adresse). Personenbezogene Daten &nbsp;werden nicht erhoben.<\/p>\n<p>Die beim Betrieb und der Nutzung dieser Webseite jordanme.de anfallenden Daten sowie der Abruf einer Datei erfolgt zum Zweck der Bereitstellung der Inhalte und zur Gew\u00e4hrleistung des Betriebs und der Systemsicherheit.<\/p>\n<p>Im Einzelnen wird ggf. \u00fcber jeden Abruf folgender Datensatz gespeichert:<\/p>\n<ul>\n<li>Datum und Uhrzeit des Abrufs,<\/li>\n<li>Sendungsdaten zum oder Abrufdaten vom Webserver,<\/li>\n<li>Parameterliste welche mit der Adresse \/ dem Verweis \u00fcbermittelt wurde,<\/li>\n<li>Browseradresse,<\/li>\n<li>Zugriffsstatus (Datei \u00fcbertragen, Datei nicht gefunden etc.),<\/li>\n<li>\u00dcbertragungsmenge der Daten an den Browser,<\/li>\n<li>Beschreibung von Typ\/Funktionen des Webbrowsers bzw. des Betriebssystems,<\/li>\n<li>Dateianforderungen.<\/li>\n<\/ul>\n<p>Diese Daten werden ausschlie\u00dflich zur Verbesserung unseres Angebotes ausgewertet und erlauben keinerlei R\u00fcckschl\u00fcsse auf Ihre Person.<\/p>\n<\/div>\n<\/div>\n<div id=\"c8708\" class=\"csc ctype-text csc-space-before-standard csc-space-after-standard\">\n<header class=\" csc-header-default \">\n<h4>Verwendung und Weitergabe der oben genannten Daten<\/h4>\n<\/header>\n<div class=\"bodytext-wrapper\">\n<p>Die gespeicherten Daten werden ausschlie\u00dflich zu statistischen Zwecken ausgewertet. Dabei erfolgt keine Weitergabe an Dritte, weder zu kommerziellen noch zu nichtkommerziellen Zwecken.<\/p>\n<p>Sofern innerhalb des Internetangebotes zu irgendeinem Zeitpunkt die M\u00f6glichkeit zur Eingabe pers\u00f6nlicher oder gesch\u00e4ftlicher Daten (E-Mail-Adressen, Namen, Anschriften) besteht, so erfolgt die Preisgabe dieser Daten seitens des Nutzers auf ausdr\u00fccklich freiwilliger Basis. Auch hier werden Ihre Daten vertraulich behandelt und nicht an Dritte weitergegeben. Eine Verkn\u00fcpfung mit oben genannten Zugriffsdaten findet nicht statt. Wir werden Daten gegen\u00fcber staatlichen Stellen nur dann offen legen, wenn dies gesetzlich vorgeschrieben ist. Unsere Mitarbeiter werden von uns zur Wahrung der Vertraulichkeit verpflichtet. Wir weisen darauf hin, dass die Daten\u00fcbertragung im Internet (z.B. bei der Kommunikation per E-Mail) Sicherheitsl\u00fccken aufweisen kann. Ein l\u00fcckenloser Schutz der Daten vor dem Zugriff durch Dritte ist nicht m\u00f6glich.<\/p>\n<\/div>\n<\/div>\n<div id=\"c8709\" class=\"csc ctype-text csc-space-before-standard csc-space-after-standard\">\n<header class=\" csc-header-default \">\n<h4>Auskunft zu Ihren bei uns gespeicherten personenbezogenen Daten\/ Speicherdauer \/ L\u00f6schung<\/h4>\n<\/header>\n<div class=\"bodytext-wrapper\">\n<p>Ihre personenbezogenen Angaben speichern wir nur solange, wie dies nach dem Gesetz zul\u00e4ssig ist. Die L\u00f6schung der gespeicherten personenbezogenen Daten erfolgt, wenn der Nutzer seine Einwilligung zur Speicherung widerruft oder wenn die Kenntnis dieser Daten zur Erf\u00fcllung des mit der Speicherung verfolgten Zwecks nicht mehr erforderlich ist, insbesondere wenn das Nutzerkonto gel\u00f6scht wird oder wenn ihre Speicherung aus sonstigen gesetzlichen Gr\u00fcnden unzul\u00e4ssig ist.<\/p>\n<p>Sofern innerhalb des Internetangebotes zu irgendeinem Zeitpunkt die M\u00f6glichkeit zur Eingabe pers\u00f6nlicher oder gesch\u00e4ftlicher Daten (E-Mail-Adressen, Namen, Anschriften) besteht, teilen wir Ihnen auf Ihre Aufforderung gerne hin mit, welche Daten wir zu Ihrer Person gespeichert haben. Sollte trotz unseres Bem\u00fchens um richtige und aktuelle Daten falsche Daten bei uns gespeichert sein, so berichtigen wir diese unverz\u00fcglich.<\/p>\n<p>Sie haben jederzeit die M\u00f6glichkeit, die uns zur Verf\u00fcgung gestellten pers\u00f6nlichen Daten zu \u00fcberpr\u00fcfen, zu \u00e4ndern oder zu l\u00f6schen, indem Sie uns eine Mail an connect(@)jordanme.de schicken.<\/p>\n<\/div>\n<\/div>\n<div id=\"c8710\" class=\"csc ctype-text csc-space-before-standard csc-space-after-standard\">\n<header class=\" csc-header-default \">\n<h4>Cookies<\/h4>\n<\/header>\n<div class=\"bodytext-wrapper\">\n<p>Cookies sind kleine Textdateien, die zusammen mit den eigentlich angeforderten Daten aus dem Internet an Ihren Computer \u00fcbermittelt werden. Dort werden diese Daten gespeichert und f\u00fcr einen sp\u00e4teren Abruf bereitgehalten. Auf unserer Webseite werden aus technischen Gr\u00fcnden Cookies verwendet, die aber in keiner Weise dazu bestimmt sind Informationen \u00fcber unsere Besucher zu ermitteln oder zu speichern.<\/p>\n<p>Die meisten Browser sind so voreingestellt, dass sie Cookies automatisch akzeptieren. Sie k\u00f6nnen das Speichern von Cookies jedoch deaktivieren oder Ihren Browser so einstellen, dass er Sie benachrichtigt, bevor Cookies gespeichert werden.<\/p>\n<p>Einer Installation von Cookies k\u00f6nnen Sie ebenso durch eine entsprechende Einstellung in Ihrer Browsersoftware unterbinden. Wir weisen Sie jedoch darauf hin, dass Sie in diesem Fall gegebenenfalls nicht s\u00e4mtliche Funktionen unserer Website vollumf\u00e4nglich nutzen k\u00f6nnen, sofern Cookies zum Einsatz kommen.<br>Weitere Informationen zu Cookies erhalten Sie unter <a href=\"http:\/\/www.allaboutcookies.org\/ge\/\" target=\"_blank\" rel=\"noopener noreferrer\">http:\/\/www.allaboutcookies.org\/ge\/<\/a>.<\/p>\n<h4>SSL-Verschl\u00fcsselung<\/h4>\n<p>Um die Sicherheit Ihrer Daten bei der \u00dcbertragung zu sch\u00fctzen, verwenden wir dem aktuellen Stand der Technik entsprechende Verschl\u00fcsselungsverfahren (z. B. SSL) \u00fcber HTTPS.<\/p>\n<h4><strong>\u00c4nderung unserer Datenschutzbestimmungen<\/strong><\/h4>\n<p>Wir behalten uns vor, diese Datenschutzerkl\u00e4rung anzupassen, damit sie stets den aktuellen rechtlichen Anforderungen entspricht oder um \u00c4nderungen unserer Leistungen in der Datenschutzerkl\u00e4rung umzusetzen, z.B. bei der Einf\u00fchrung neuer Services. F\u00fcr Ihren erneuten Besuch gilt dann die neue Datenschutzerkl\u00e4rung.<\/p>\n<\/div>\n<\/div>\n<div id=\"c8716\" class=\"csc ctype-text csc-space-before-standard csc-space-after-standard\">\n<header class=\" csc-header-default \">\n<h4>Salvatorische Klausel<\/h4>\n<\/header>\n<div class=\"bodytext-wrapper\">\n<p>Sofern Teile oder einzelne Formulierungen dieses Textes der geltenden Rechtslage nicht, nicht mehr oder nicht vollst\u00e4ndig entsprechen sollten, bleiben die \u00fcbrigen Teile des Dokumentes in ihrem Inhalt und ihrer G\u00fcltigkeit davon unber\u00fchrt.<\/p>\n<h4><strong>Fragen an den Datenschutz<\/strong><\/h4>\n<p>Wenn Sie Fragen zum Datenschutz haben, schreiben Sie uns bitte eine E-Mail oder wenden Sie sich direkt an die f\u00fcr den Datenschutz verantwortliche Person in unserer Organisation:<\/p>\n<p>Alexander Moustafa, connect(@)jordanme.de<\/p>\n<p><em>Die Datenschutzerkl\u00e4rung wurde in Teilen mit dem <\/em><a href=\"https:\/\/www.activemind.de\/datenschutz\/datenschutzhinweis-generator\/\" target=\"_blank\" rel=\"noopener noreferrer\"><em>Datenschutzerkl\u00e4rungs-Generator der activeMind AG erstellt<\/em><\/a><em>.<\/em><\/p>\n<\/div>\n<\/div>\n<header class=\" csc-header-default \">\n<h4>Streitbeilegungsverfahren Angabe gem\u00e4\u00df \u00a7\u00a7 36, 37 Verbraucherstreitbeilegungsgesetz (VSBG)<\/h4>\n<\/header>\n<div class=\"bodytext-wrapper\">\n<p>Der Betreiber von<b> Jordanme.de<\/b>&nbsp;ist zur Teilnahme an einem Streitbeilegungsverfahren vor einer Verbraucherschlichtungsstelle weder bereit noch verpflichtet.<\/p>\n<h4>English version<\/h4>\n<\/div>\n<p>The responsible body within the meaning of the data protection laws, in particular the EU data protection basic regulation (DSGVO), is<\/p>\n<p>Amier Jordan<br>In Toennesfeld 38<br>50859 Cologne<br>T: +49 172 25 30 919<br>m: connect(@)jordanme.de<br>w: www.jordanme.de<\/p>\n<p>We are pleased that you are visiting this website. Data protection and data security when using this website are very important to us. We would therefore like to take this opportunity to inform you which of your non-personal data we collect when you visit our website and for what purposes they are used.<\/p>\n<p>As changes in the law or changes in our internal company processes may make it necessary to adapt this data protection declaration, we ask you to read this data protection declaration regularly. The data protection declaration can be called up, saved and printed out at any time under Data Protection Declaration.<\/p>\n<p>Your rights as a data subject<\/p>\n<p>You can exercise the following rights at any time using the contact details provided:<\/p>\n<p>Information about your data stored with us and how it is processed,<br>Correcting incorrect personal data,<br>Deletion of your data stored with us,<br>Restriction of data processing, provided that we are not yet allowed to delete your data due to legal obligations,<br>Objection to the processing of your data by us and<br>Data transferability, if you have consented to data processing or have concluded a contract with us.<br>If you have given us your consent, you can revoke it at any time with effect for the future.<\/p>\n<p>You may at any time submit a complaint to the supervisory authority responsible for you. Your competent supervisory authority depends on the federal state of your residence, your work or the presumed violation. A list of the supervisory authorities (for the non-public sector) with their addresses can be found at: https:\/\/www.bfdi.bund.de\/DE\/Infothek\/Anschriften_Links\/anschriften_links-node.html.<\/p>\n<p>Collection and processing of personal data<\/p>\n<p>We are committed to protecting your privacy and treating your non-personal data confidentially. Personal data is information that can be used to find out personal or factual circumstances about you (e.g. name, address, telephone number, date of birth or e-mail address). Personal data is not collected.<\/p>\n<p>The data collected during the operation and use of this website jordanme.de as well as the retrieval of a file is used for the purpose of providing the content and to ensure the operation and system security.<\/p>\n<p>In detail, the following data record will be saved for each retrieval:<\/p>\n<p>Date and time of the retrieval,<br>Shipment data to or retrieval data from the web server,<br>Parameter list which was transmitted with the address\/reference,<br>Browser address,<br>Access status (file transferred, file not found, etc.),<br>amount of data transferred to the browser,<br>Description of type\/functions of the web browser or operating system,<br>File requests.<br>These data are evaluated exclusively to improve our offer and do not allow any conclusions about your person.<\/p>\n<p>Use and passing on of the above mentioned data<\/p>\n<p>The stored data is evaluated exclusively for statistical purposes. No data is passed on to third parties, neither for commercial nor non-commercial purposes.<\/p>\n<p>If the opportunity for the input of personal or business data (email addresses, name, addresses) is given, the input of these data takes place voluntarily. Your data will also be treated confidentially here and will not be passed on to third parties. There is no link to the above-mentioned access data. We will only disclose data to state authorities if this is required by law. Our employees are obliged by us to maintain confidentiality. We would like to point out that data transmission over the Internet (e.g. communication by e-mail) can have security gaps. A complete protection of data against access by third parties is not possible.<\/p>\n<p>Information about your personal data stored with us \/ storage period \/ deletion<\/p>\n<p>We only store your personal data for as long as this is permitted by law. Stored personal data will be deleted if the user revokes his consent to storage or if knowledge of this data is no longer required to fulfil the purpose for which it was stored, in particular if the user account is deleted or if storage of this data is not permitted for other legal reasons.<\/p>\n<p>If the opportunity for the input of personal or business data (email addresses, name, addresses) is given at any time within the internet offer, we will be pleased to inform you on your request which data we have stored concerning your person. If, despite our efforts to ensure correct and up-to-date data, incorrect data is stored by us, we will correct it immediately.<\/p>\n<p>You can check, change or delete the personal data provided to us at any time by sending us an e-mail to connect(@)jordanme.de.<\/p>\n<p>Cookies<\/p>\n<p>Cookies are small text files which are transmitted from the Internet to your computer together with the data actually requested. This data is stored there and kept ready for later retrieval. Cookies are used on our website for technical reasons, but are in no way intended to determine or store information about our visitors.<\/p>\n<p>Most browsers are preset to accept cookies automatically. However, you can deactivate the storage of cookies or set your browser to notify you before cookies are stored.<\/p>\n<p>You can also prevent the installation of cookies by making the appropriate setting in your browser software. However, we would like to point out that in this case you may not be able to use all functions of our website to their full extent if cookies are used.<br>Further information on cookies is available at http:\/\/www.allaboutcookies.org\/ge\/.<\/p>\n<p>SSL Encryption<\/p>\n<p>To protect the security of your data during transmission, we use state-of-the-art encryption procedures (e.g. SSL) via HTTPS.<\/p>\n<p>Change of our data protection regulations<\/p>\n<p>We reserve the right to adapt this data protection declaration so that it always meets the current legal requirements or to implement changes to our services in the data protection declaration, e.g. when introducing new services. The new data protection declaration then applies to your renewed visit.<\/p>\n<p>Severability Clause<\/p>\n<p>If sections or individual terms of this statement are not legal or correct, the content or validity of the other parts remain uninfluenced by this fact.<\/p>\n<p>Questions to the data protection<\/p>\n<p>If you have any questions regarding data protection, please send us an e-mail or contact the person responsible for data protection in our organization directly:<\/p>\n<p>Alexander Moustafa, connect(@)jordanme.de<\/p>\n<p>The privacy policy was created in parts with the privacy policy generator of activeMind AG.<\/p>\n<p>Dispute settlement procedures Information according to \u00a7\u00a7 36, 37 Consumer Dispute Settlement Act (VSBG)<\/p>\n<p>The operator of Jordanme.de is neither willing nor obliged to participate in dispute resolution proceedings before a consumer arbitration board.<\/p>\n<\/div>\n\n","protected":false},"excerpt":{"rendered":"<p>(Englich version below) Verantwortliche Stelle im Sinne der Datenschutzgesetze, insbesondere der EU-Datenschutzgrundverordnung (DSGVO), ist: Amier JordanIm Toennesfeld 3850859 K\u00f6lnT: +49 172 25 30 919m: connect(@)jordanme.dew: www.jordanme.de Wir freuen uns, dass Sie diese Website [&hellip;]<\/p>\n","protected":false},"author":1,"featured_media":542,"parent":0,"menu_order":0,"comment_status":"closed","ping_status":"closed","template":"page-templates\/page_fullwidth.php","meta":{"footnotes":""},"class_list":["post-414","page","type-page","status-publish","has-post-thumbnail","hentry"],"_links":{"self":[{"href":"https:\/\/www.jordanme.de\/index.php?rest_route=\/wp\/v2\/pages\/414","targetHints":{"allow":["GET"]}}],"collection":[{"href":"https:\/\/www.jordanme.de\/index.php?rest_route=\/wp\/v2\/pages"}],"about":[{"href":"https:\/\/www.jordanme.de\/index.php?rest_route=\/wp\/v2\/types\/page"}],"author":[{"embeddable":true,"href":"https:\/\/www.jordanme.de\/index.php?rest_route=\/wp\/v2\/users\/1"}],"replies":[{"embeddable":true,"href":"https:\/\/www.jordanme.de\/index.php?rest_route=%2Fwp%2Fv2%2Fcomments&post=414"}],"version-history":[{"count":13,"href":"https:\/\/www.jordanme.de\/index.php?rest_route=\/wp\/v2\/pages\/414\/revisions"}],"predecessor-version":[{"id":1002,"href":"https:\/\/www.jordanme.de\/index.php?rest_route=\/wp\/v2\/pages\/414\/revisions\/1002"}],"wp:featuredmedia":[{"embeddable":true,"href":"https:\/\/www.jordanme.de\/index.php?rest_route=\/wp\/v2\/media\/542"}],"wp:attachment":[{"href":"https:\/\/www.jordanme.de\/index.php?rest_route=%2Fwp%2Fv2%2Fmedia&parent=414"}],"curies":[{"name":"wp","href":"https:\/\/api.w.org\/{rel}","templated":true}]}}